{"id":18041,"date":"2024-02-14T12:14:39","date_gmt":"2024-02-14T12:14:39","guid":{"rendered":"https:\/\/perez-roura-law.mysites.io\/?page_id=18041"},"modified":"2025-11-12T15:44:21","modified_gmt":"2025-11-12T20:44:21","slug":"asset-protection-planning","status":"publish","type":"page","link":"https:\/\/www.perezrouralaw.com\/es\/asset-protection-planning\/","title":{"rendered":"Planificaci\u00f3n de Protecci\u00f3n de Activos"},"content":{"rendered":"<h1>Planificaci\u00f3n de Protecci\u00f3n de Activos<\/h1>\n<p><strong>Protegiendo Su Legado<\/strong><br \/>\nPlanificaci\u00f3n de Protecci\u00f3n de Activos Personalizada con Perez-Roura Law<\/p>\n<p data-start=\"793\" data-end=\"1029\">In South Florida\u2019s vibrant economy, protecting what you\u2019ve built is more than smart\u2014it\u2019s essential. At Perez-Roura Law, we help individuals and families safeguard their wealth through strategic, personalized asset protection planning.<\/p>\n<p data-start=\"1031\" data-end=\"1278\">Our team understands how complex financial and legal risks can be. That\u2019s why we design customized strategies to protect your assets from unexpected claims, lawsuits, and creditors\u2014ensuring that your legacy remains secure for future generations.<\/p>\n<h2>El Emprendedor Que Se Anticip\u00f3<\/h2>\n<p><strong>Caso de Estudio Destacado<\/strong><\/p>\n<p>(El nombre de la familia y la industria han sido cambiados para proteger su privacidad)<\/p>\n<p data-start=\"1718\" data-end=\"2007\">Albert J., a successful entrepreneur, owned a thriving import-export company. One day, he faced a major lawsuit that could have jeopardized everything he had built. Fortunately, Albert had worked with Perez-Roura Law beforehand to separate his personal assets from his business holdings.<\/p>\n<p data-start=\"2009\" data-end=\"2229\">Because of this proactive planning, his personal wealth remained protected, even when his business faced legal challenges. His family\u2019s financial stability stayed intact\u2014proof that preparation makes all the difference.<\/p>\n<div class=\"main_faq\">\n<div class=\"heading-mg\">\n<h2>Preguntas Frecuentes (FAQs)<\/h2>\n<\/div>\n<div class=\"xt-col-12 xt-col-md-12 contain-faq m-0 faq-wrap\">\n<details open=\"open\">\n<summary class=\"accordian-title\">P: \u00bfQu\u00e9 es la Planificaci\u00f3n de Protecci\u00f3n de Activos y por qu\u00e9 es importante?<\/summary>\n<p class=\"accordian-text mb-1\">R: La Planificaci\u00f3n de Protecci\u00f3n de Activos es el proceso de organizar tus bienes personales y empresariales de manera que se minimicen los riesgos frente a acreedores o disputas legales. Es importante porque ayuda a preservar tu patrimonio frente a reclamaciones inesperadas, protegiendo tu herencia y el bienestar de tus seres queridos.<\/p>\n<\/details>\n<details open=\"open\">\n<summary class=\"accordian-title\">P: \u00bfCu\u00e1ndo deber\u00eda comenzar a pensar en la Planificaci\u00f3n de Protecci\u00f3n de Activos?<\/summary>\n<p class=\"accordian-text mb-1\">R: El mejor momento es ahora, antes de que surjan posibles amenazas. Una planificaci\u00f3n proactiva brinda seguridad y tranquilidad al saber que tus bienes est\u00e1n protegidos contra futuros desaf\u00edos legales. Una vez que ya existe un problema legal, a\u00fan puedes tener algunas opciones, pero estar\u00e1n mucho m\u00e1s limitadas por lo que se conoce como la \u201cLey de Transferencia Fraudulenta\u201d. Por eso es fundamental crear un plan de protecci\u00f3n de activos antes de que aparezcan conflictos.<\/p>\n<\/details>\n<details open=\"open\">\n<summary class=\"accordian-title\">P: \u00bfC\u00f3mo encaja la Planificaci\u00f3n de Protecci\u00f3n de Activos dentro de mi plan patrimonial?<\/summary>\n<p class=\"accordian-text mb-1\">R: Es una parte esencial de tu plan patrimonial y funciona en conjunto con otros documentos como <a href=\"https:\/\/www.perezrouralaw.com\/es\/perezroura\/last-will-and-testaments\/\">testamentos<\/a>, fideicomisos y poderes legales. Su objetivo es asegurar que el patrimonio que deseas transmitir permanezca intacto y sea distribuido conforme a tus deseos.<\/p>\n<p>&nbsp;<\/p>\n<a class=\"maxbutton-1 maxbutton maxbutton-estate-planning-brochure\" target=\"_blank\" rel=\"noopener\" href=\"https:\/\/drive.google.com\/file\/d\/1BFIr0zdyvvPpR501eTXF99xCU-Oj46Pw\/view?usp=sharing\"><span class='mb-text'>DOWNLOAD OUR FREE ESTATE PLANNING GUIDE<\/span><\/a>\n<\/details>\n<\/div>\n<p class=\"font_8 wixui-rich-text__text\">Want to learn more? Visit our\u00a0<a href=\"https:\/\/www.youtube.com\/@Perez-RouraLaw\">YouTube channel\u00a0<\/a><\/p>\n<p class=\"font_8 wixui-rich-text__text\">Or read our 5-star reviews\u00a0<a href=\"https:\/\/www.perezrouralaw.com\/es\/reviews\/\">here<\/a><\/p>\n<\/div>","protected":false},"excerpt":{"rendered":"<p>Asset Protection Planning Safeguarding Your Legacy Tailored Asset Protection Planning with Perez-Roura Law In South Florida\u2019s vibrant economy, protecting what you\u2019ve built is more than smart\u2014it\u2019s essential. At Perez-Roura Law, we help individuals and families safeguard their wealth through strategic, personalized asset protection planning. Our team understands how complex financial and legal risks can be. [&hellip;]<\/p>\n","protected":false},"author":32,"featured_media":18079,"parent":0,"menu_order":0,"comment_status":"closed","ping_status":"closed","template":"","meta":{"site-sidebar-layout":"default","site-content-layout":"","ast-site-content-layout":"default","site-content-style":"default","site-sidebar-style":"default","ast-global-header-display":"","ast-banner-title-visibility":"","ast-main-header-display":"","ast-hfb-above-header-display":"","ast-hfb-below-header-display":"","ast-hfb-mobile-header-display":"","site-post-title":"","ast-breadcrumbs-content":"","ast-featured-img":"","footer-sml-layout":"","ast-disable-related-posts":"","theme-transparent-header-meta":"default","adv-header-id-meta":"","stick-header-meta":"","header-above-stick-meta":"","header-main-stick-meta":"","header-below-stick-meta":"","astra-migrate-meta-layouts":"set","ast-page-background-enabled":"default","ast-page-background-meta":{"desktop":{"background-color":"var(--ast-global-color-4)","background-image":"","background-repeat":"repeat","background-position":"center center","background-size":"auto","background-attachment":"scroll","background-type":"","background-media":"","overlay-type":"","overlay-color":"","overlay-opacity":"","overlay-gradient":""},"tablet":{"background-color":"","background-image":"","background-repeat":"repeat","background-position":"center center","background-size":"auto","background-attachment":"scroll","background-type":"","background-media":"","overlay-type":"","overlay-color":"","overlay-opacity":"","overlay-gradient":""},"mobile":{"background-color":"","background-image":"","background-repeat":"repeat","background-position":"center center","background-size":"auto","background-attachment":"scroll","background-type":"","background-media":"","overlay-type":"","overlay-color":"","overlay-opacity":"","overlay-gradient":""}},"ast-content-background-meta":{"desktop":{"background-color":"var(--ast-global-color-5)","background-image":"","background-repeat":"repeat","background-position":"center center","background-size":"auto","background-attachment":"scroll","background-type":"","background-media":"","overlay-type":"","overlay-color":"","overlay-opacity":"","overlay-gradient":""},"tablet":{"background-color":"var(--ast-global-color-5)","background-image":"","background-repeat":"repeat","background-position":"center center","background-size":"auto","background-attachment":"scroll","background-type":"","background-media":"","overlay-type":"","overlay-color":"","overlay-opacity":"","overlay-gradient":""},"mobile":{"background-color":"var(--ast-global-color-5)","background-image":"","background-repeat":"repeat","background-position":"center center","background-size":"auto","background-attachment":"scroll","background-type":"","background-media":"","overlay-type":"","overlay-color":"","overlay-opacity":"","overlay-gradient":""}},"footnotes":""},"class_list":["post-18041","page","type-page","status-publish","has-post-thumbnail","hentry"],"yoast_head":"<!-- This site is optimized with the Yoast SEO plugin v27.4 - https:\/\/yoast.com\/product\/yoast-seo-wordpress\/ -->\n<title>Perez-Roura Law: Asset Protection Planning<\/title>\n<meta name=\"description\" content=\"Florida Asset Protection Planning to safeguard your wealth and legacy. Perez-Roura Law provides expert strategies against legal threats.\" \/>\n<meta name=\"robots\" content=\"index, follow, max-snippet:-1, max-image-preview:large, max-video-preview:-1\" \/>\n<link rel=\"canonical\" href=\"https:\/\/www.perezrouralaw.com\/es\/asset-protection-planning\/\" \/>\n<meta property=\"og:locale\" content=\"es_MX\" \/>\n<meta property=\"og:type\" content=\"article\" \/>\n<meta property=\"og:title\" content=\"Perez-Roura Law: Asset Protection Planning\" \/>\n<meta property=\"og:description\" content=\"Florida Asset Protection Planning to safeguard your wealth and legacy. Perez-Roura Law provides expert strategies against legal threats.\" \/>\n<meta property=\"og:url\" content=\"https:\/\/www.perezrouralaw.com\/es\/asset-protection-planning\/\" \/>\n<meta property=\"og:site_name\" content=\"Perez Roura Law\" \/>\n<meta property=\"article:modified_time\" content=\"2025-11-12T20:44:21+00:00\" \/>\n<meta name=\"twitter:card\" content=\"summary_large_image\" \/>\n<meta name=\"twitter:label1\" content=\"Tiempo de lectura\" \/>\n\t<meta name=\"twitter:data1\" content=\"2 minutos\" \/>\n<script type=\"application\/ld+json\" class=\"yoast-schema-graph\">{\"@context\":\"https:\\\/\\\/schema.org\",\"@graph\":[{\"@type\":\"WebPage\",\"@id\":\"https:\\\/\\\/www.perezrouralaw.com\\\/asset-protection-planning\\\/\",\"url\":\"https:\\\/\\\/www.perezrouralaw.com\\\/asset-protection-planning\\\/\",\"name\":\"Perez-Roura Law: Asset Protection Planning\",\"isPartOf\":{\"@id\":\"https:\\\/\\\/www.amsdemo3.com\\\/#website\"},\"primaryImageOfPage\":{\"@id\":\"https:\\\/\\\/www.perezrouralaw.com\\\/asset-protection-planning\\\/#primaryimage\"},\"image\":{\"@id\":\"https:\\\/\\\/www.perezrouralaw.com\\\/asset-protection-planning\\\/#primaryimage\"},\"thumbnailUrl\":\"https:\\\/\\\/www.perezrouralaw.com\\\/wp-content\\\/uploads\\\/2024\\\/02\\\/blog.png\",\"datePublished\":\"2024-02-14T12:14:39+00:00\",\"dateModified\":\"2025-11-12T20:44:21+00:00\",\"description\":\"Florida Asset Protection Planning to safeguard your wealth and legacy. Perez-Roura Law provides expert strategies against legal threats.\",\"breadcrumb\":{\"@id\":\"https:\\\/\\\/www.perezrouralaw.com\\\/asset-protection-planning\\\/#breadcrumb\"},\"inLanguage\":\"es\",\"potentialAction\":[{\"@type\":\"ReadAction\",\"target\":[\"https:\\\/\\\/www.perezrouralaw.com\\\/asset-protection-planning\\\/\"]}]},{\"@type\":\"ImageObject\",\"inLanguage\":\"es\",\"@id\":\"https:\\\/\\\/www.perezrouralaw.com\\\/asset-protection-planning\\\/#primaryimage\",\"url\":\"https:\\\/\\\/www.perezrouralaw.com\\\/wp-content\\\/uploads\\\/2024\\\/02\\\/blog.png\",\"contentUrl\":\"https:\\\/\\\/www.perezrouralaw.com\\\/wp-content\\\/uploads\\\/2024\\\/02\\\/blog.png\",\"width\":1000,\"height\":600},{\"@type\":\"BreadcrumbList\",\"@id\":\"https:\\\/\\\/www.perezrouralaw.com\\\/asset-protection-planning\\\/#breadcrumb\",\"itemListElement\":[{\"@type\":\"ListItem\",\"position\":1,\"name\":\"Home\",\"item\":\"https:\\\/\\\/www.perezrouralaw.com\\\/\"},{\"@type\":\"ListItem\",\"position\":2,\"name\":\"Asset Protection Planning\"}]},{\"@type\":\"WebSite\",\"@id\":\"https:\\\/\\\/www.amsdemo3.com\\\/#website\",\"url\":\"https:\\\/\\\/www.amsdemo3.com\\\/\",\"name\":\"Perez Roura Law\",\"description\":\"Perez Roura Law\",\"publisher\":{\"@id\":\"https:\\\/\\\/www.amsdemo3.com\\\/#organization\"},\"potentialAction\":[{\"@type\":\"SearchAction\",\"target\":{\"@type\":\"EntryPoint\",\"urlTemplate\":\"https:\\\/\\\/www.amsdemo3.com\\\/?s={search_term_string}\"},\"query-input\":{\"@type\":\"PropertyValueSpecification\",\"valueRequired\":true,\"valueName\":\"search_term_string\"}}],\"inLanguage\":\"es\"},{\"@type\":\"Organization\",\"@id\":\"https:\\\/\\\/www.amsdemo3.com\\\/#organization\",\"name\":\"Perez Roura Law\",\"url\":\"https:\\\/\\\/www.amsdemo3.com\\\/\",\"logo\":{\"@type\":\"ImageObject\",\"inLanguage\":\"es\",\"@id\":\"https:\\\/\\\/www.amsdemo3.com\\\/#\\\/schema\\\/logo\\\/image\\\/\",\"url\":\"https:\\\/\\\/www.perezrouralaw.com\\\/wp-content\\\/uploads\\\/2024\\\/02\\\/logo-1.svg\",\"contentUrl\":\"https:\\\/\\\/www.perezrouralaw.com\\\/wp-content\\\/uploads\\\/2024\\\/02\\\/logo-1.svg\",\"caption\":\"Perez Roura Law\"},\"image\":{\"@id\":\"https:\\\/\\\/www.amsdemo3.com\\\/#\\\/schema\\\/logo\\\/image\\\/\"}}]}<\/script>\n<!-- \/ Yoast SEO plugin. -->","yoast_head_json":{"title":"Perez-Roura Law: Asset Protection Planning","description":"Florida Asset Protection Planning to safeguard your wealth and legacy. Perez-Roura Law provides expert strategies against legal threats.","robots":{"index":"index","follow":"follow","max-snippet":"max-snippet:-1","max-image-preview":"max-image-preview:large","max-video-preview":"max-video-preview:-1"},"canonical":"https:\/\/www.perezrouralaw.com\/es\/asset-protection-planning\/","og_locale":"es_MX","og_type":"article","og_title":"Perez-Roura Law: Asset Protection Planning","og_description":"Florida Asset Protection Planning to safeguard your wealth and legacy. Perez-Roura Law provides expert strategies against legal threats.","og_url":"https:\/\/www.perezrouralaw.com\/es\/asset-protection-planning\/","og_site_name":"Perez Roura Law","article_modified_time":"2025-11-12T20:44:21+00:00","twitter_card":"summary_large_image","twitter_misc":{"Tiempo de lectura":"2 minutos"},"schema":{"@context":"https:\/\/schema.org","@graph":[{"@type":"WebPage","@id":"https:\/\/www.perezrouralaw.com\/asset-protection-planning\/","url":"https:\/\/www.perezrouralaw.com\/asset-protection-planning\/","name":"Perez-Roura Law: Asset Protection Planning","isPartOf":{"@id":"https:\/\/www.amsdemo3.com\/#website"},"primaryImageOfPage":{"@id":"https:\/\/www.perezrouralaw.com\/asset-protection-planning\/#primaryimage"},"image":{"@id":"https:\/\/www.perezrouralaw.com\/asset-protection-planning\/#primaryimage"},"thumbnailUrl":"https:\/\/www.perezrouralaw.com\/wp-content\/uploads\/2024\/02\/blog.png","datePublished":"2024-02-14T12:14:39+00:00","dateModified":"2025-11-12T20:44:21+00:00","description":"Florida Asset Protection Planning to safeguard your wealth and legacy. Perez-Roura Law provides expert strategies against legal threats.","breadcrumb":{"@id":"https:\/\/www.perezrouralaw.com\/asset-protection-planning\/#breadcrumb"},"inLanguage":"es","potentialAction":[{"@type":"ReadAction","target":["https:\/\/www.perezrouralaw.com\/asset-protection-planning\/"]}]},{"@type":"ImageObject","inLanguage":"es","@id":"https:\/\/www.perezrouralaw.com\/asset-protection-planning\/#primaryimage","url":"https:\/\/www.perezrouralaw.com\/wp-content\/uploads\/2024\/02\/blog.png","contentUrl":"https:\/\/www.perezrouralaw.com\/wp-content\/uploads\/2024\/02\/blog.png","width":1000,"height":600},{"@type":"BreadcrumbList","@id":"https:\/\/www.perezrouralaw.com\/asset-protection-planning\/#breadcrumb","itemListElement":[{"@type":"ListItem","position":1,"name":"Home","item":"https:\/\/www.perezrouralaw.com\/"},{"@type":"ListItem","position":2,"name":"Asset Protection Planning"}]},{"@type":"WebSite","@id":"https:\/\/www.amsdemo3.com\/#website","url":"https:\/\/www.amsdemo3.com\/","name":"Perez Roura Law","description":"Perez Roura Law","publisher":{"@id":"https:\/\/www.amsdemo3.com\/#organization"},"potentialAction":[{"@type":"SearchAction","target":{"@type":"EntryPoint","urlTemplate":"https:\/\/www.amsdemo3.com\/?s={search_term_string}"},"query-input":{"@type":"PropertyValueSpecification","valueRequired":true,"valueName":"search_term_string"}}],"inLanguage":"es"},{"@type":"Organization","@id":"https:\/\/www.amsdemo3.com\/#organization","name":"Perez Roura Law","url":"https:\/\/www.amsdemo3.com\/","logo":{"@type":"ImageObject","inLanguage":"es","@id":"https:\/\/www.amsdemo3.com\/#\/schema\/logo\/image\/","url":"https:\/\/www.perezrouralaw.com\/wp-content\/uploads\/2024\/02\/logo-1.svg","contentUrl":"https:\/\/www.perezrouralaw.com\/wp-content\/uploads\/2024\/02\/logo-1.svg","caption":"Perez Roura Law"},"image":{"@id":"https:\/\/www.amsdemo3.com\/#\/schema\/logo\/image\/"}}]}},"_links":{"self":[{"href":"https:\/\/www.perezrouralaw.com\/es\/wp-json\/wp\/v2\/pages\/18041","targetHints":{"allow":["GET"]}}],"collection":[{"href":"https:\/\/www.perezrouralaw.com\/es\/wp-json\/wp\/v2\/pages"}],"about":[{"href":"https:\/\/www.perezrouralaw.com\/es\/wp-json\/wp\/v2\/types\/page"}],"author":[{"embeddable":true,"href":"https:\/\/www.perezrouralaw.com\/es\/wp-json\/wp\/v2\/users\/32"}],"replies":[{"embeddable":true,"href":"https:\/\/www.perezrouralaw.com\/es\/wp-json\/wp\/v2\/comments?post=18041"}],"version-history":[{"count":5,"href":"https:\/\/www.perezrouralaw.com\/es\/wp-json\/wp\/v2\/pages\/18041\/revisions"}],"predecessor-version":[{"id":19233,"href":"https:\/\/www.perezrouralaw.com\/es\/wp-json\/wp\/v2\/pages\/18041\/revisions\/19233"}],"wp:featuredmedia":[{"embeddable":true,"href":"https:\/\/www.perezrouralaw.com\/es\/wp-json\/wp\/v2\/media\/18079"}],"wp:attachment":[{"href":"https:\/\/www.perezrouralaw.com\/es\/wp-json\/wp\/v2\/media?parent=18041"}],"curies":[{"name":"wp","href":"https:\/\/api.w.org\/{rel}","templated":true}]}}