{"id":18266,"date":"2024-03-01T10:44:02","date_gmt":"2024-03-01T10:44:02","guid":{"rendered":"https:\/\/perez-roura-law.mysites.io\/?page_id=18266"},"modified":"2026-03-09T13:31:53","modified_gmt":"2026-03-09T17:31:53","slug":"about","status":"publish","type":"page","link":"https:\/\/www.perezrouralaw.com\/es\/about\/","title":{"rendered":"SOBRE NOSOTROS"},"content":{"rendered":"<div class=\"section-intro-image\">\n<div class=\"section-block\"><img decoding=\"async\" class=\"img-fluid\" src=\"\/perezroura\/wp-content\/uploads\/2024\/02\/exp-lawyer.svg\" alt=\"About us\" \/><\/div>\n<\/div>\n<p>Perez-Roura Law <span data-preserver-spaces=\"true\">estamos dedicados<\/span><span data-preserver-spaces=\"true\"> a ayudar a las familias a proteger su legado a trav\u00e9s de una planificaci\u00f3n legal cuidadosa. Acompa\u00f1amos a nuestros clientes en la compra de sus hogares, en la preparaci\u00f3n para los momentos m\u00e1s dif\u00edciles de la vida y en la reducci\u00f3n de la carga tributaria en el camino. Entendemos las preocupaciones que enfrentan las familias al atravesar grandes transiciones, ya sea la adquisici\u00f3n de una propiedad, la p\u00e9rdida de un ser querido o el manejo de una enfermedad grave.<\/span><\/p>\n<p><span data-preserver-spaces=\"true\">En <\/span>Perez-Roura Law<span data-preserver-spaces=\"true\">, nuestra misi\u00f3n es acompa\u00f1ar a las familias en los aspectos legales de los momentos m\u00e1s importantes de la vida, para que puedan enfocarse en lo que realmente importa: su familia. <\/span>El abogado Pedro Armando Perez-Roura<span data-preserver-spaces=\"true\"> cuenta con a\u00f1os de experiencia ayudando tanto a clientes locales como internacionales. De manera constante, asiste a familias en la protecci\u00f3n de sus inversiones frente a acreedores, impuestos elevados y los retos inesperados que surgen con la enfermedad o la p\u00e9rdida de un ser querido.<\/span><\/p>\n<p><strong><span data-preserver-spaces=\"true\">Afiliaciones Profesionales:<\/span><\/strong><span data-preserver-spaces=\"true\"> Secci\u00f3n de Derecho de Ancianos del Colegio de Abogados de Florida \u2219 Secci\u00f3n de Bienes Ra\u00edces, Sucesiones y Fideicomisos del Colegio de Abogados de Florida<\/span><\/p>\n<p class=\"font_8 wixui-rich-text__text\"><span class=\"wixui-rich-text__text\"><strong>Participaci\u00f3n Comunitaria:<\/strong> United Way Young Leaders \u2219 United Way Small Business United \u2219 Knights of Columbus, San Marcelino Champagnat Council #10055 (Third Degree Knight)\u2219 The Honorable Peter T. Fay American Inn of Court.<\/span><\/p>\n<p class=\"font_8 wixui-rich-text__text\">Want to learn more? Visit our <a href=\"https:\/\/www.youtube.com\/@Perez-RouraLaw\">YouTube channel\u00a0<\/a><\/p>\n<p class=\"font_8 wixui-rich-text__text\">Or read our 5-star reviews <a href=\"https:\/\/www.perezrouralaw.com\/es\/reviews\/\">here<\/a><\/p>\n<h2>Nuestro Equipo<\/h2>\n<div class=\"xt-row\">\n<div class=\"xt-col-4 xt-col-md-12 mb-5\">\n<div class=\"team-wrap\">\n<div class=\"team-img-inner\"><img decoding=\"async\" src=\"\/perezroura\/wp-content\/uploads\/2024\/03\/jenii.webp\" \/><\/div>\n<div class=\"team-img-name\">Jennifer D. Rubio<\/div>\n<div class=\"team-img-subname\">Juris Doctorate<\/div>\n<\/div>\n<\/div>\n<div class=\"xt-col-4 xt-col-md-12 mb-5\">\n<div class=\"team-wrap\">\n<div class=\"team-img-inner\"><img loading=\"lazy\" decoding=\"async\" class=\"alignnone wp-image-19324\" src=\"https:\/\/www.perezrouralaw.com\/wp-content\/uploads\/2026\/03\/lau-foto-4-233x300.png\" alt=\"\" width=\"209\" height=\"269\" srcset=\"https:\/\/www.perezrouralaw.com\/wp-content\/uploads\/2026\/03\/lau-foto-4-233x300.png 233w, https:\/\/www.perezrouralaw.com\/wp-content\/uploads\/2026\/03\/lau-foto-4-796x1024.png 796w, https:\/\/www.perezrouralaw.com\/wp-content\/uploads\/2026\/03\/lau-foto-4-768x987.png 768w, https:\/\/www.perezrouralaw.com\/wp-content\/uploads\/2026\/03\/lau-foto-4-9x12.png 9w, https:\/\/www.perezrouralaw.com\/wp-content\/uploads\/2026\/03\/lau-foto-4.png 896w\" sizes=\"auto, (max-width: 209px) 100vw, 209px\" \/><\/div>\n<div class=\"team-img-name\">Laura Montalvan<\/div>\n<div class=\"team-img-subname\">Legal assistant<\/div>\n<\/div>\n<\/div>\n<div class=\"xt-col-4 xt-col-md-12 mb-5\">\n<div class=\"team-wrap\">\n<div class=\"team-img-inner\"><img decoding=\"async\" src=\"\/perezroura\/wp-content\/uploads\/2024\/10\/Giancarlo.webp\" \/><\/div>\n<div class=\"team-img-name\">Giancarlo Revilla<\/div>\n<div class=\"team-img-subname\">Marketing Leads Manager<\/div>\n<\/div>\n<\/div>\n<div class=\"xt-col-4 xt-col-md-12 mb-5\">\n<div class=\"team-wrap\">\n<div><img loading=\"lazy\" decoding=\"async\" class=\"alignnone wp-image-19185\" src=\"https:\/\/www.perezrouralaw.com\/wp-content\/uploads\/2025\/10\/Image_20251007_173136-2-min-1.jpeg\" alt=\"\" width=\"315\" height=\"390\" \/><\/div>\n<div>\n<div class=\"team-img-name\">Micaela Barbalace<\/div>\n<div class=\"team-img-subname\">Executive Assistant<\/div>\n<\/div>\n<div><\/div>\n<\/div>\n<\/div>\n<\/div>","protected":false},"excerpt":{"rendered":"<p>Perez-Roura Law is dedicated to helping families protect their legacy through thoughtful legal planning. We guide clients in purchasing their homes, preparing for life\u2019s most challenging moments, and minimizing their tax burden along the way. We understand the concerns families face when navigating major transitions\u2014whether it\u2019s purchasing property, handling a loved one\u2019s passing, or dealing [&hellip;]<\/p>\n","protected":false},"author":33,"featured_media":18079,"parent":0,"menu_order":0,"comment_status":"closed","ping_status":"closed","template":"","meta":{"site-sidebar-layout":"default","site-content-layout":"","ast-site-content-layout":"default","site-content-style":"default","site-sidebar-style":"default","ast-global-header-display":"","ast-banner-title-visibility":"","ast-main-header-display":"","ast-hfb-above-header-display":"","ast-hfb-below-header-display":"","ast-hfb-mobile-header-display":"","site-post-title":"","ast-breadcrumbs-content":"","ast-featured-img":"","footer-sml-layout":"","ast-disable-related-posts":"","theme-transparent-header-meta":"default","adv-header-id-meta":"","stick-header-meta":"","header-above-stick-meta":"","header-main-stick-meta":"","header-below-stick-meta":"","astra-migrate-meta-layouts":"set","ast-page-background-enabled":"default","ast-page-background-meta":{"desktop":{"background-color":"var(--ast-global-color-4)","background-image":"","background-repeat":"repeat","background-position":"center center","background-size":"auto","background-attachment":"scroll","background-type":"","background-media":"","overlay-type":"","overlay-color":"","overlay-opacity":"","overlay-gradient":""},"tablet":{"background-color":"","background-image":"","background-repeat":"repeat","background-position":"center center","background-size":"auto","background-attachment":"scroll","background-type":"","background-media":"","overlay-type":"","overlay-color":"","overlay-opacity":"","overlay-gradient":""},"mobile":{"background-color":"","background-image":"","background-repeat":"repeat","background-position":"center center","background-size":"auto","background-attachment":"scroll","background-type":"","background-media":"","overlay-type":"","overlay-color":"","overlay-opacity":"","overlay-gradient":""}},"ast-content-background-meta":{"desktop":{"background-color":"var(--ast-global-color-5)","background-image":"","background-repeat":"repeat","background-position":"center center","background-size":"auto","background-attachment":"scroll","background-type":"","background-media":"","overlay-type":"","overlay-color":"","overlay-opacity":"","overlay-gradient":""},"tablet":{"background-color":"var(--ast-global-color-5)","background-image":"","background-repeat":"repeat","background-position":"center center","background-size":"auto","background-attachment":"scroll","background-type":"","background-media":"","overlay-type":"","overlay-color":"","overlay-opacity":"","overlay-gradient":""},"mobile":{"background-color":"var(--ast-global-color-5)","background-image":"","background-repeat":"repeat","background-position":"center center","background-size":"auto","background-attachment":"scroll","background-type":"","background-media":"","overlay-type":"","overlay-color":"","overlay-opacity":"","overlay-gradient":""}},"footnotes":""},"class_list":["post-18266","page","type-page","status-publish","has-post-thumbnail","hentry"],"yoast_head":"<!-- This site is optimized with the Yoast SEO plugin v27.4 - https:\/\/yoast.com\/product\/yoast-seo-wordpress\/ -->\n<title>About Us | Perez-Roura Law<\/title>\n<meta name=\"description\" content=\"Discover Perez-Roura Law, a Miami estate planning and elder law firm offering personalized legal guidance to safeguard your family&#039;s future.\" \/>\n<meta name=\"robots\" content=\"index, follow, max-snippet:-1, max-image-preview:large, max-video-preview:-1\" \/>\n<link rel=\"canonical\" href=\"https:\/\/www.perezrouralaw.com\/es\/about\/\" \/>\n<meta property=\"og:locale\" content=\"es_MX\" \/>\n<meta property=\"og:type\" content=\"article\" \/>\n<meta property=\"og:title\" content=\"About Us | Perez-Roura Law\" \/>\n<meta property=\"og:description\" content=\"Discover Perez-Roura Law, a Miami estate planning and elder law firm offering personalized legal guidance to safeguard your family&#039;s future.\" \/>\n<meta property=\"og:url\" content=\"https:\/\/www.perezrouralaw.com\/es\/about\/\" \/>\n<meta property=\"og:site_name\" content=\"Perez Roura Law\" \/>\n<meta property=\"article:modified_time\" content=\"2026-03-09T17:31:53+00:00\" \/>\n<meta property=\"og:image\" content=\"https:\/\/www.perezrouralaw.com\/wp-content\/uploads\/2026\/03\/lau-foto-4-233x300.png\" \/>\n<meta name=\"twitter:card\" content=\"summary_large_image\" \/>\n<meta name=\"twitter:label1\" content=\"Tiempo de lectura\" \/>\n\t<meta name=\"twitter:data1\" content=\"2 minutos\" \/>\n<script type=\"application\/ld+json\" class=\"yoast-schema-graph\">{\"@context\":\"https:\\\/\\\/schema.org\",\"@graph\":[{\"@type\":\"WebPage\",\"@id\":\"https:\\\/\\\/www.perezrouralaw.com\\\/about\\\/\",\"url\":\"https:\\\/\\\/www.perezrouralaw.com\\\/about\\\/\",\"name\":\"About Us | Perez-Roura Law\",\"isPartOf\":{\"@id\":\"https:\\\/\\\/www.amsdemo3.com\\\/#website\"},\"primaryImageOfPage\":{\"@id\":\"https:\\\/\\\/www.perezrouralaw.com\\\/about\\\/#primaryimage\"},\"image\":{\"@id\":\"https:\\\/\\\/www.perezrouralaw.com\\\/about\\\/#primaryimage\"},\"thumbnailUrl\":\"https:\\\/\\\/www.perezrouralaw.com\\\/wp-content\\\/uploads\\\/2024\\\/02\\\/blog.png\",\"datePublished\":\"2024-03-01T10:44:02+00:00\",\"dateModified\":\"2026-03-09T17:31:53+00:00\",\"description\":\"Discover Perez-Roura Law, a Miami estate planning and elder law firm offering personalized legal guidance to safeguard your family's future.\",\"breadcrumb\":{\"@id\":\"https:\\\/\\\/www.perezrouralaw.com\\\/about\\\/#breadcrumb\"},\"inLanguage\":\"es\",\"potentialAction\":[{\"@type\":\"ReadAction\",\"target\":[\"https:\\\/\\\/www.perezrouralaw.com\\\/about\\\/\"]}]},{\"@type\":\"ImageObject\",\"inLanguage\":\"es\",\"@id\":\"https:\\\/\\\/www.perezrouralaw.com\\\/about\\\/#primaryimage\",\"url\":\"https:\\\/\\\/www.perezrouralaw.com\\\/wp-content\\\/uploads\\\/2024\\\/02\\\/blog.png\",\"contentUrl\":\"https:\\\/\\\/www.perezrouralaw.com\\\/wp-content\\\/uploads\\\/2024\\\/02\\\/blog.png\",\"width\":1000,\"height\":600},{\"@type\":\"BreadcrumbList\",\"@id\":\"https:\\\/\\\/www.perezrouralaw.com\\\/about\\\/#breadcrumb\",\"itemListElement\":[{\"@type\":\"ListItem\",\"position\":1,\"name\":\"Home\",\"item\":\"https:\\\/\\\/www.perezrouralaw.com\\\/\"},{\"@type\":\"ListItem\",\"position\":2,\"name\":\"About us\"}]},{\"@type\":\"WebSite\",\"@id\":\"https:\\\/\\\/www.amsdemo3.com\\\/#website\",\"url\":\"https:\\\/\\\/www.amsdemo3.com\\\/\",\"name\":\"Perez Roura Law\",\"description\":\"Perez Roura Law\",\"publisher\":{\"@id\":\"https:\\\/\\\/www.amsdemo3.com\\\/#organization\"},\"potentialAction\":[{\"@type\":\"SearchAction\",\"target\":{\"@type\":\"EntryPoint\",\"urlTemplate\":\"https:\\\/\\\/www.amsdemo3.com\\\/?s={search_term_string}\"},\"query-input\":{\"@type\":\"PropertyValueSpecification\",\"valueRequired\":true,\"valueName\":\"search_term_string\"}}],\"inLanguage\":\"es\"},{\"@type\":\"Organization\",\"@id\":\"https:\\\/\\\/www.amsdemo3.com\\\/#organization\",\"name\":\"Perez Roura Law\",\"url\":\"https:\\\/\\\/www.amsdemo3.com\\\/\",\"logo\":{\"@type\":\"ImageObject\",\"inLanguage\":\"es\",\"@id\":\"https:\\\/\\\/www.amsdemo3.com\\\/#\\\/schema\\\/logo\\\/image\\\/\",\"url\":\"https:\\\/\\\/www.perezrouralaw.com\\\/wp-content\\\/uploads\\\/2024\\\/02\\\/logo-1.svg\",\"contentUrl\":\"https:\\\/\\\/www.perezrouralaw.com\\\/wp-content\\\/uploads\\\/2024\\\/02\\\/logo-1.svg\",\"caption\":\"Perez Roura Law\"},\"image\":{\"@id\":\"https:\\\/\\\/www.amsdemo3.com\\\/#\\\/schema\\\/logo\\\/image\\\/\"}}]}<\/script>\n<!-- \/ Yoast SEO plugin. -->","yoast_head_json":{"title":"About Us | Perez-Roura Law","description":"Discover Perez-Roura Law, a Miami estate planning and elder law firm offering personalized legal guidance to safeguard your family's future.","robots":{"index":"index","follow":"follow","max-snippet":"max-snippet:-1","max-image-preview":"max-image-preview:large","max-video-preview":"max-video-preview:-1"},"canonical":"https:\/\/www.perezrouralaw.com\/es\/about\/","og_locale":"es_MX","og_type":"article","og_title":"About Us | Perez-Roura Law","og_description":"Discover Perez-Roura Law, a Miami estate planning and elder law firm offering personalized legal guidance to safeguard your family's future.","og_url":"https:\/\/www.perezrouralaw.com\/es\/about\/","og_site_name":"Perez Roura Law","article_modified_time":"2026-03-09T17:31:53+00:00","og_image":[{"url":"https:\/\/www.perezrouralaw.com\/wp-content\/uploads\/2026\/03\/lau-foto-4-233x300.png","type":"","width":"","height":""}],"twitter_card":"summary_large_image","twitter_misc":{"Tiempo de lectura":"2 minutos"},"schema":{"@context":"https:\/\/schema.org","@graph":[{"@type":"WebPage","@id":"https:\/\/www.perezrouralaw.com\/about\/","url":"https:\/\/www.perezrouralaw.com\/about\/","name":"About Us | Perez-Roura Law","isPartOf":{"@id":"https:\/\/www.amsdemo3.com\/#website"},"primaryImageOfPage":{"@id":"https:\/\/www.perezrouralaw.com\/about\/#primaryimage"},"image":{"@id":"https:\/\/www.perezrouralaw.com\/about\/#primaryimage"},"thumbnailUrl":"https:\/\/www.perezrouralaw.com\/wp-content\/uploads\/2024\/02\/blog.png","datePublished":"2024-03-01T10:44:02+00:00","dateModified":"2026-03-09T17:31:53+00:00","description":"Discover Perez-Roura Law, a Miami estate planning and elder law firm offering personalized legal guidance to safeguard your family's future.","breadcrumb":{"@id":"https:\/\/www.perezrouralaw.com\/about\/#breadcrumb"},"inLanguage":"es","potentialAction":[{"@type":"ReadAction","target":["https:\/\/www.perezrouralaw.com\/about\/"]}]},{"@type":"ImageObject","inLanguage":"es","@id":"https:\/\/www.perezrouralaw.com\/about\/#primaryimage","url":"https:\/\/www.perezrouralaw.com\/wp-content\/uploads\/2024\/02\/blog.png","contentUrl":"https:\/\/www.perezrouralaw.com\/wp-content\/uploads\/2024\/02\/blog.png","width":1000,"height":600},{"@type":"BreadcrumbList","@id":"https:\/\/www.perezrouralaw.com\/about\/#breadcrumb","itemListElement":[{"@type":"ListItem","position":1,"name":"Home","item":"https:\/\/www.perezrouralaw.com\/"},{"@type":"ListItem","position":2,"name":"About us"}]},{"@type":"WebSite","@id":"https:\/\/www.amsdemo3.com\/#website","url":"https:\/\/www.amsdemo3.com\/","name":"Perez Roura Law","description":"Perez Roura Law","publisher":{"@id":"https:\/\/www.amsdemo3.com\/#organization"},"potentialAction":[{"@type":"SearchAction","target":{"@type":"EntryPoint","urlTemplate":"https:\/\/www.amsdemo3.com\/?s={search_term_string}"},"query-input":{"@type":"PropertyValueSpecification","valueRequired":true,"valueName":"search_term_string"}}],"inLanguage":"es"},{"@type":"Organization","@id":"https:\/\/www.amsdemo3.com\/#organization","name":"Perez Roura Law","url":"https:\/\/www.amsdemo3.com\/","logo":{"@type":"ImageObject","inLanguage":"es","@id":"https:\/\/www.amsdemo3.com\/#\/schema\/logo\/image\/","url":"https:\/\/www.perezrouralaw.com\/wp-content\/uploads\/2024\/02\/logo-1.svg","contentUrl":"https:\/\/www.perezrouralaw.com\/wp-content\/uploads\/2024\/02\/logo-1.svg","caption":"Perez Roura Law"},"image":{"@id":"https:\/\/www.amsdemo3.com\/#\/schema\/logo\/image\/"}}]}},"_links":{"self":[{"href":"https:\/\/www.perezrouralaw.com\/es\/wp-json\/wp\/v2\/pages\/18266","targetHints":{"allow":["GET"]}}],"collection":[{"href":"https:\/\/www.perezrouralaw.com\/es\/wp-json\/wp\/v2\/pages"}],"about":[{"href":"https:\/\/www.perezrouralaw.com\/es\/wp-json\/wp\/v2\/types\/page"}],"author":[{"embeddable":true,"href":"https:\/\/www.perezrouralaw.com\/es\/wp-json\/wp\/v2\/users\/33"}],"replies":[{"embeddable":true,"href":"https:\/\/www.perezrouralaw.com\/es\/wp-json\/wp\/v2\/comments?post=18266"}],"version-history":[{"count":12,"href":"https:\/\/www.perezrouralaw.com\/es\/wp-json\/wp\/v2\/pages\/18266\/revisions"}],"predecessor-version":[{"id":19331,"href":"https:\/\/www.perezrouralaw.com\/es\/wp-json\/wp\/v2\/pages\/18266\/revisions\/19331"}],"wp:featuredmedia":[{"embeddable":true,"href":"https:\/\/www.perezrouralaw.com\/es\/wp-json\/wp\/v2\/media\/18079"}],"wp:attachment":[{"href":"https:\/\/www.perezrouralaw.com\/es\/wp-json\/wp\/v2\/media?parent=18266"}],"curies":[{"name":"wp","href":"https:\/\/api.w.org\/{rel}","templated":true}]}}